{"id":10620,"date":"2019-09-30T15:36:15","date_gmt":"2019-09-30T15:36:15","guid":{"rendered":"http:\/\/www.funcampers.pt\/contact\/"},"modified":"2019-11-18T17:03:43","modified_gmt":"2019-11-18T17:03:43","slug":"contact","status":"publish","type":"page","link":"https:\/\/www.funcampers.pt\/pt-pt\/contact\/","title":{"rendered":"Contactos"},"content":{"rendered":"<div id='full_slider_1'  class='avia-fullwidth-slider main_color avia-shadow av-desktop-hide av-medium-hide  avia-builder-el-0  el_before_av_section  avia-builder-el-first   container_wrap fullsize'  ><div  class='avia-slideshow av-k2lz71ty-48ce91d9d61db58c070527ea7cf8e172 avia-slideshow-no scaling av_slideshow_full avia-slide-slider av-desktop-hide av-medium-hide av-slideshow-ui av-control-default av-slideshow-manual av-loop-once av-loop-manual-endless av-default-height-applied  image_no_stretch avia-slideshow-1' data-slideshow-options=\"{&quot;animation&quot;:&quot;slide&quot;,&quot;autoplay&quot;:false,&quot;loop_autoplay&quot;:&quot;once&quot;,&quot;interval&quot;:5,&quot;loop_manual&quot;:&quot;manual-endless&quot;,&quot;autoplay_stopper&quot;:false,&quot;noNavigation&quot;:false,&quot;bg_slider&quot;:false,&quot;keep_padding&quot;:false,&quot;hoverpause&quot;:false,&quot;show_slide_delay&quot;:0}\"  itemprop=\"image\" itemscope=\"itemscope\" itemtype=\"https:\/\/schema.org\/ImageObject\" ><ul class='avia-slideshow-inner ' style='padding-bottom: 56.25641025641%;'><li  class='avia-slideshow-slide av-k2lz71ty-48ce91d9d61db58c070527ea7cf8e172__0  av-single-slide slide-1 slide-odd'><div data-rel='slideshow-1' class='avia-slide-wrap '   ><img decoding=\"async\" fetchpriority=\"high\" class=\"wp-image-10461 avia-img-lazy-loading-not-10461\"  src=\"https:\/\/www.funcampers.pt\/wp-content\/uploads\/2019\/10\/HEADER_carrinha_freixa_mizarela.jpg\" width=\"1950\" height=\"1097\" title='FUNCAMPERS. Perfect vans for your hollidays!' alt='FUNCAMPERS. Perfect vans for your hollidays!'  itemprop=\"thumbnailUrl\"  style='min-height:200px; min-width:356px; ' srcset=\"https:\/\/www.funcampers.pt\/wp-content\/uploads\/2019\/10\/HEADER_carrinha_freixa_mizarela.jpg 1950w, https:\/\/www.funcampers.pt\/wp-content\/uploads\/2019\/10\/HEADER_carrinha_freixa_mizarela-300x169.jpg 300w, https:\/\/www.funcampers.pt\/wp-content\/uploads\/2019\/10\/HEADER_carrinha_freixa_mizarela-768x432.jpg 768w, https:\/\/www.funcampers.pt\/wp-content\/uploads\/2019\/10\/HEADER_carrinha_freixa_mizarela-1030x579.jpg 1030w, https:\/\/www.funcampers.pt\/wp-content\/uploads\/2019\/10\/HEADER_carrinha_freixa_mizarela-1500x844.jpg 1500w, https:\/\/www.funcampers.pt\/wp-content\/uploads\/2019\/10\/HEADER_carrinha_freixa_mizarela-705x397.jpg 705w, https:\/\/www.funcampers.pt\/wp-content\/uploads\/2019\/10\/HEADER_carrinha_freixa_mizarela-450x253.jpg 450w, https:\/\/www.funcampers.pt\/wp-content\/uploads\/2019\/10\/HEADER_carrinha_freixa_mizarela-460x259.jpg 460w\" sizes=\"(max-width: 1950px) 100vw, 1950px\" \/><\/div><\/li><\/ul><\/div><\/div>\n\n<style type=\"text\/css\" data-created_by=\"avia_inline_auto\" id=\"style-css-av-k1c13k6t-ca7e7816e9a44f60f99f1569c5d5d3ff\">\n.avia-section.av-k1c13k6t-ca7e7816e9a44f60f99f1569c5d5d3ff{\nbackground-repeat:no-repeat;\nbackground-image:url(https:\/\/www.funcampers.pt\/wp-content\/uploads\/2019\/10\/HEADER_carrinha_freixa_mizarela.jpg);\nbackground-position:50% 50%;\nbackground-attachment:scroll;\n}\n<\/style>\n<div id='av_section_1'  class='avia-section av-k1c13k6t-ca7e7816e9a44f60f99f1569c5d5d3ff main_color avia-section-default avia-no-border-styling  avia-builder-el-1  el_after_av_slideshow_full  avia-builder-el-last  av-small-hide av-mini-hide avia-full-stretch avia-bg-style-scroll av-minimum-height av-minimum-height-custom av-height-custom  container_wrap fullsize'  data-section-bg-repeat='stretch' data-av_minimum_height_px='670'><div class='container av-section-cont-open' style='height:670px'><div class='template-page content  av-content-full alpha units'><div class='post-entry post-entry-type-page post-entry-10620'><div class='entry-content-wrapper clearfix'>\n","protected":false},"excerpt":{"rendered":"","protected":false},"author":1,"featured_media":0,"parent":0,"menu_order":0,"comment_status":"closed","ping_status":"closed","template":"","meta":{"footnotes":""},"class_list":["post-10620","page","type-page","status-publish","hentry"],"yoast_head":"<!-- This site is optimized with the Yoast SEO plugin v23.9 - https:\/\/yoast.com\/wordpress\/plugins\/seo\/ -->\n<title>FUNCAMPERS | Contactos<\/title>\n<meta name=\"description\" content=\"Se precisar de alguma coisa n\u00e3o hesite em contactar-no via email, telefone ou pombo-correio..s\u00f3 n\u00e3o garantimos resposta na ultima modalidade!\" \/>\n<meta name=\"robots\" content=\"index, follow, max-snippet:-1, max-image-preview:large, max-video-preview:-1\" \/>\n<link rel=\"canonical\" href=\"https:\/\/www.funcampers.pt\/contact\/\" \/>\n<meta property=\"og:locale\" content=\"pt_PT\" \/>\n<meta property=\"og:type\" content=\"article\" \/>\n<meta property=\"og:title\" content=\"FUNCAMPERS | Contactos\" \/>\n<meta property=\"og:description\" content=\"Se precisar de alguma coisa n\u00e3o hesite em contactar-no via email, telefone ou pombo-correio..s\u00f3 n\u00e3o garantimos resposta na ultima modalidade!\" \/>\n<meta property=\"og:url\" content=\"https:\/\/www.funcampers.pt\/contact\/\" \/>\n<meta property=\"og:site_name\" content=\"FUNCAMPERS\" \/>\n<meta property=\"article:publisher\" content=\"https:\/\/www.facebook.com\/funcamperslx\" \/>\n<meta property=\"article:modified_time\" content=\"2019-11-18T17:03:43+00:00\" \/>\n<meta property=\"og:image\" content=\"https:\/\/www.funcampers.pt\/wp-content\/uploads\/2019\/11\/FACEBOOK_share_2.png\" \/>\n\t<meta property=\"og:image:width\" content=\"1200\" \/>\n\t<meta property=\"og:image:height\" content=\"630\" \/>\n\t<meta property=\"og:image:type\" content=\"image\/png\" \/>\n<meta name=\"twitter:card\" content=\"summary_large_image\" \/>\n<meta name=\"twitter:label1\" content=\"Tempo estimado de leitura\" \/>\n\t<meta name=\"twitter:data1\" content=\"2 minutos\" \/>\n<script type=\"application\/ld+json\" class=\"yoast-schema-graph\">{\"@context\":\"https:\/\/schema.org\",\"@graph\":[{\"@type\":\"WebPage\",\"@id\":\"https:\/\/www.funcampers.pt\/contact\/\",\"url\":\"https:\/\/www.funcampers.pt\/contact\/\",\"name\":\"FUNCAMPERS | Contactos\",\"isPartOf\":{\"@id\":\"https:\/\/www.funcampers.pt\/#website\"},\"datePublished\":\"2019-09-30T15:36:15+00:00\",\"dateModified\":\"2019-11-18T17:03:43+00:00\",\"description\":\"Se precisar de alguma coisa n\u00e3o hesite em contactar-no via email, telefone ou pombo-correio..s\u00f3 n\u00e3o garantimos resposta na ultima modalidade!\",\"breadcrumb\":{\"@id\":\"https:\/\/www.funcampers.pt\/contact\/#breadcrumb\"},\"inLanguage\":\"pt-PT\",\"potentialAction\":[{\"@type\":\"ReadAction\",\"target\":[\"https:\/\/www.funcampers.pt\/contact\/\"]}]},{\"@type\":\"BreadcrumbList\",\"@id\":\"https:\/\/www.funcampers.pt\/contact\/#breadcrumb\",\"itemListElement\":[{\"@type\":\"ListItem\",\"position\":1,\"name\":\"Home\",\"item\":\"https:\/\/www.funcampers.pt\/pt-pt\/\"},{\"@type\":\"ListItem\",\"position\":2,\"name\":\"Contactos\"}]},{\"@type\":\"WebSite\",\"@id\":\"https:\/\/www.funcampers.pt\/#website\",\"url\":\"https:\/\/www.funcampers.pt\/\",\"name\":\"FUNCAMPERS\",\"description\":\"Campervans for your Hollidays\",\"publisher\":{\"@id\":\"https:\/\/www.funcampers.pt\/#organization\"},\"potentialAction\":[{\"@type\":\"SearchAction\",\"target\":{\"@type\":\"EntryPoint\",\"urlTemplate\":\"https:\/\/www.funcampers.pt\/?s={search_term_string}\"},\"query-input\":{\"@type\":\"PropertyValueSpecification\",\"valueRequired\":true,\"valueName\":\"search_term_string\"}}],\"inLanguage\":\"pt-PT\"},{\"@type\":\"Organization\",\"@id\":\"https:\/\/www.funcampers.pt\/#organization\",\"name\":\"FUNCAMPERS\",\"url\":\"https:\/\/www.funcampers.pt\/\",\"logo\":{\"@type\":\"ImageObject\",\"inLanguage\":\"pt-PT\",\"@id\":\"https:\/\/www.funcampers.pt\/#\/schema\/logo\/image\/\",\"url\":\"https:\/\/www.funcampers.pt\/wp-content\/uploads\/2019\/09\/LOGO_home-1.png\",\"contentUrl\":\"https:\/\/www.funcampers.pt\/wp-content\/uploads\/2019\/09\/LOGO_home-1.png\",\"width\":300,\"height\":300,\"caption\":\"FUNCAMPERS\"},\"image\":{\"@id\":\"https:\/\/www.funcampers.pt\/#\/schema\/logo\/image\/\"},\"sameAs\":[\"https:\/\/www.facebook.com\/funcamperslx\"]}]}<\/script>\n<!-- \/ Yoast SEO plugin. -->","yoast_head_json":{"title":"FUNCAMPERS | Contactos","description":"Se precisar de alguma coisa n\u00e3o hesite em contactar-no via email, telefone ou pombo-correio..s\u00f3 n\u00e3o garantimos resposta na ultima modalidade!","robots":{"index":"index","follow":"follow","max-snippet":"max-snippet:-1","max-image-preview":"max-image-preview:large","max-video-preview":"max-video-preview:-1"},"canonical":"https:\/\/www.funcampers.pt\/contact\/","og_locale":"pt_PT","og_type":"article","og_title":"FUNCAMPERS | Contactos","og_description":"Se precisar de alguma coisa n\u00e3o hesite em contactar-no via email, telefone ou pombo-correio..s\u00f3 n\u00e3o garantimos resposta na ultima modalidade!","og_url":"https:\/\/www.funcampers.pt\/contact\/","og_site_name":"FUNCAMPERS","article_publisher":"https:\/\/www.facebook.com\/funcamperslx","article_modified_time":"2019-11-18T17:03:43+00:00","og_image":[{"width":1200,"height":630,"url":"https:\/\/www.funcampers.pt\/wp-content\/uploads\/2019\/11\/FACEBOOK_share_2.png","type":"image\/png"}],"twitter_card":"summary_large_image","twitter_misc":{"Tempo estimado de leitura":"2 minutos"},"schema":{"@context":"https:\/\/schema.org","@graph":[{"@type":"WebPage","@id":"https:\/\/www.funcampers.pt\/contact\/","url":"https:\/\/www.funcampers.pt\/contact\/","name":"FUNCAMPERS | Contactos","isPartOf":{"@id":"https:\/\/www.funcampers.pt\/#website"},"datePublished":"2019-09-30T15:36:15+00:00","dateModified":"2019-11-18T17:03:43+00:00","description":"Se precisar de alguma coisa n\u00e3o hesite em contactar-no via email, telefone ou pombo-correio..s\u00f3 n\u00e3o garantimos resposta na ultima modalidade!","breadcrumb":{"@id":"https:\/\/www.funcampers.pt\/contact\/#breadcrumb"},"inLanguage":"pt-PT","potentialAction":[{"@type":"ReadAction","target":["https:\/\/www.funcampers.pt\/contact\/"]}]},{"@type":"BreadcrumbList","@id":"https:\/\/www.funcampers.pt\/contact\/#breadcrumb","itemListElement":[{"@type":"ListItem","position":1,"name":"Home","item":"https:\/\/www.funcampers.pt\/pt-pt\/"},{"@type":"ListItem","position":2,"name":"Contactos"}]},{"@type":"WebSite","@id":"https:\/\/www.funcampers.pt\/#website","url":"https:\/\/www.funcampers.pt\/","name":"FUNCAMPERS","description":"Campervans for your Hollidays","publisher":{"@id":"https:\/\/www.funcampers.pt\/#organization"},"potentialAction":[{"@type":"SearchAction","target":{"@type":"EntryPoint","urlTemplate":"https:\/\/www.funcampers.pt\/?s={search_term_string}"},"query-input":{"@type":"PropertyValueSpecification","valueRequired":true,"valueName":"search_term_string"}}],"inLanguage":"pt-PT"},{"@type":"Organization","@id":"https:\/\/www.funcampers.pt\/#organization","name":"FUNCAMPERS","url":"https:\/\/www.funcampers.pt\/","logo":{"@type":"ImageObject","inLanguage":"pt-PT","@id":"https:\/\/www.funcampers.pt\/#\/schema\/logo\/image\/","url":"https:\/\/www.funcampers.pt\/wp-content\/uploads\/2019\/09\/LOGO_home-1.png","contentUrl":"https:\/\/www.funcampers.pt\/wp-content\/uploads\/2019\/09\/LOGO_home-1.png","width":300,"height":300,"caption":"FUNCAMPERS"},"image":{"@id":"https:\/\/www.funcampers.pt\/#\/schema\/logo\/image\/"},"sameAs":["https:\/\/www.facebook.com\/funcamperslx"]}]}},"_links":{"self":[{"href":"https:\/\/www.funcampers.pt\/pt-pt\/wp-json\/wp\/v2\/pages\/10620"}],"collection":[{"href":"https:\/\/www.funcampers.pt\/pt-pt\/wp-json\/wp\/v2\/pages"}],"about":[{"href":"https:\/\/www.funcampers.pt\/pt-pt\/wp-json\/wp\/v2\/types\/page"}],"author":[{"embeddable":true,"href":"https:\/\/www.funcampers.pt\/pt-pt\/wp-json\/wp\/v2\/users\/1"}],"replies":[{"embeddable":true,"href":"https:\/\/www.funcampers.pt\/pt-pt\/wp-json\/wp\/v2\/comments?post=10620"}],"version-history":[{"count":1,"href":"https:\/\/www.funcampers.pt\/pt-pt\/wp-json\/wp\/v2\/pages\/10620\/revisions"}],"predecessor-version":[{"id":11217,"href":"https:\/\/www.funcampers.pt\/pt-pt\/wp-json\/wp\/v2\/pages\/10620\/revisions\/11217"}],"wp:attachment":[{"href":"https:\/\/www.funcampers.pt\/pt-pt\/wp-json\/wp\/v2\/media?parent=10620"}],"curies":[{"name":"wp","href":"https:\/\/api.w.org\/{rel}","templated":true}]}}