{"id":10704,"date":"2019-10-14T15:04:32","date_gmt":"2019-10-14T15:04:32","guid":{"rendered":"http:\/\/www.funcampers.pt\/privacy-policy\/"},"modified":"2022-09-27T08:43:03","modified_gmt":"2022-09-27T08:43:03","slug":"politica-de-privacidade","status":"publish","type":"page","link":"https:\/\/www.funcampers.pt\/pt-pt\/politica-de-privacidade\/","title":{"rendered":"Pol\u00edtica de Privacidade"},"content":{"rendered":"<div id='full_slider_1'  class='avia-fullwidth-slider main_color avia-shadow av-desktop-hide av-medium-hide  avia-builder-el-0  el_before_av_section  avia-builder-el-first   container_wrap fullsize'  ><div  class='avia-slideshow av-k2lxpctj-c63f488fd5d35659bf3a29b58a3e0b4b avia-slideshow-no scaling av_slideshow_full avia-slide-slider av-desktop-hide av-medium-hide av-slideshow-ui av-control-default av-slideshow-manual av-loop-once av-loop-manual-endless av-default-height-applied   avia-slideshow-1' data-slideshow-options=\"{&quot;animation&quot;:&quot;slide&quot;,&quot;autoplay&quot;:false,&quot;loop_autoplay&quot;:&quot;once&quot;,&quot;interval&quot;:5,&quot;loop_manual&quot;:&quot;manual-endless&quot;,&quot;autoplay_stopper&quot;:false,&quot;noNavigation&quot;:false,&quot;bg_slider&quot;:false,&quot;keep_padding&quot;:false,&quot;hoverpause&quot;:false,&quot;show_slide_delay&quot;:0}\"  itemprop=\"image\" itemscope=\"itemscope\" itemtype=\"https:\/\/schema.org\/ImageObject\" ><ul class='avia-slideshow-inner ' style='padding-bottom: 56.25641025641%;'><li  class='avia-slideshow-slide av-k2lxpctj-c63f488fd5d35659bf3a29b58a3e0b4b__0  av-single-slide slide-1 slide-odd'><div data-rel='slideshow-1' class='avia-slide-wrap '   ><img decoding=\"async\" fetchpriority=\"high\" class=\"wp-image-10667 avia-img-lazy-loading-not-10667\"  src=\"https:\/\/www.funcampers.pt\/wp-content\/uploads\/2019\/10\/FOTOS_geral_2.jpg\" width=\"1950\" height=\"1097\" title='FUNCAMPERS. Perfect vans for your hollidays!' alt='FUNCAMPERS. Perfect vans for your hollidays!'  itemprop=\"thumbnailUrl\"  style='min-height:200px; min-width:356px; ' srcset=\"https:\/\/www.funcampers.pt\/wp-content\/uploads\/2019\/10\/FOTOS_geral_2.jpg 1950w, https:\/\/www.funcampers.pt\/wp-content\/uploads\/2019\/10\/FOTOS_geral_2-300x169.jpg 300w, https:\/\/www.funcampers.pt\/wp-content\/uploads\/2019\/10\/FOTOS_geral_2-768x432.jpg 768w, https:\/\/www.funcampers.pt\/wp-content\/uploads\/2019\/10\/FOTOS_geral_2-1030x579.jpg 1030w, https:\/\/www.funcampers.pt\/wp-content\/uploads\/2019\/10\/FOTOS_geral_2-1500x844.jpg 1500w, https:\/\/www.funcampers.pt\/wp-content\/uploads\/2019\/10\/FOTOS_geral_2-705x397.jpg 705w, https:\/\/www.funcampers.pt\/wp-content\/uploads\/2019\/10\/FOTOS_geral_2-450x253.jpg 450w, https:\/\/www.funcampers.pt\/wp-content\/uploads\/2019\/10\/FOTOS_geral_2-460x259.jpg 460w\" sizes=\"(max-width: 1950px) 100vw, 1950px\" \/><\/div><\/li><\/ul><\/div><\/div>\n\n<style type=\"text\/css\" data-created_by=\"avia_inline_auto\" id=\"style-css-av-k1kteozm-d671889535d866e7e46e49f1c687acef\">\n.avia-section.av-k1kteozm-d671889535d866e7e46e49f1c687acef{\nbackground-repeat:no-repeat;\nbackground-image:url(https:\/\/www.funcampers.pt\/wp-content\/uploads\/2019\/10\/FOTOS_geral_2.jpg);\nbackground-position:50% 50%;\nbackground-attachment:scroll;\n}\n<\/style>\n<div id='av_section_1'  class='avia-section av-k1kteozm-d671889535d866e7e46e49f1c687acef main_color avia-section-default avia-no-border-styling  avia-builder-el-1  el_after_av_slideshow_full  el_before_av_section  av-small-hide av-mini-hide avia-full-stretch avia-bg-style-scroll av-minimum-height av-minimum-height-custom av-height-custom  container_wrap fullsize'  data-section-bg-repeat='stretch' data-av_minimum_height_px='450'><div class='container av-section-cont-open' style='height:450px'><div class='template-page content  av-content-full alpha units'><div class='post-entry post-entry-type-page post-entry-10704'><div class='entry-content-wrapper clearfix'>\n<\/div><\/div><\/div><!-- close content main div --><\/div><\/div>\n<style type=\"text\/css\" data-created_by=\"avia_inline_auto\" id=\"style-css-av-k1ktfpgd-9e8743b15cee03ea743801cabede0bb5\">\n.avia-section.av-k1ktfpgd-9e8743b15cee03ea743801cabede0bb5{\nbackground-color:#ffffff;\nbackground:linear-gradient( to bottom, #ffffff, #d6d6d6 );\n}\n<\/style>\n<div id='av_section_2'  class='avia-section av-k1ktfpgd-9e8743b15cee03ea743801cabede0bb5 main_color avia-section-default avia-no-border-styling  avia-builder-el-2  el_after_av_section  avia-builder-el-last  avia-bg-style-scroll container_wrap fullsize'  ><div class='container av-section-cont-open' ><div class='template-page content  av-content-full alpha units'><div class='post-entry post-entry-type-page post-entry-10704'><div class='entry-content-wrapper clearfix'>\n\n<style type=\"text\/css\" data-created_by=\"avia_inline_auto\" id=\"style-css-av-k2m88dbf-9c14065d37374afbbfcc611b8b6ceabd\">\n#top .av-special-heading.av-k2m88dbf-9c14065d37374afbbfcc611b8b6ceabd{\npadding-bottom:10px;\n}\nbody .av-special-heading.av-k2m88dbf-9c14065d37374afbbfcc611b8b6ceabd .av-special-heading-tag .heading-char{\nfont-size:25px;\n}\n.av-special-heading.av-k2m88dbf-9c14065d37374afbbfcc611b8b6ceabd .av-subheading{\nfont-size:15px;\n}\n\n@media only screen and (min-width: 480px) and (max-width: 767px){ \n#top #wrap_all .av-special-heading.av-k2m88dbf-9c14065d37374afbbfcc611b8b6ceabd .av-special-heading-tag{\nfont-size:40px;\n}\n}\n\n@media only screen and (max-width: 479px){ \n#top #wrap_all .av-special-heading.av-k2m88dbf-9c14065d37374afbbfcc611b8b6ceabd .av-special-heading-tag{\nfont-size:40px;\n}\n}\n<\/style>\n<div  class='av-special-heading av-k2m88dbf-9c14065d37374afbbfcc611b8b6ceabd av-special-heading-h1 blockquote modern-quote  avia-builder-el-3  el_before_av_textblock  avia-builder-el-first '><h1 class='av-special-heading-tag '  itemprop=\"headline\"  >Politica de PRIVACIDADE<\/h1><div class=\"special-heading-border\"><div class=\"special-heading-inner-border\"><\/div><\/div><\/div>\n\n<style type=\"text\/css\" data-created_by=\"avia_inline_auto\" id=\"style-css-av-k1kt6ndn-1d1cdf9da9a3f85de5dedaed898ddba3\">\n#top .av_textblock_section.av-k1kt6ndn-1d1cdf9da9a3f85de5dedaed898ddba3 .avia_textblock{\ncolor:#000000;\n}\n<\/style>\n<section  class='av_textblock_section av-k1kt6ndn-1d1cdf9da9a3f85de5dedaed898ddba3 '   itemscope=\"itemscope\" itemtype=\"https:\/\/schema.org\/CreativeWork\" ><div class='avia_textblock av_inherit_color'  itemprop=\"text\" ><p>Ao aceder ao site do Instituto da <strong style=\"font-size: 16px;\">FUNCAMPERS<\/strong><span style=\"font-size: 16px;\">\u00a0e \u00e0s p\u00e1ginas com ele relacionadas, o utilizador compromete-se a respeitar e a aceitar os respetivos termos e condi\u00e7\u00f5es de utiliza\u00e7\u00e3o.<\/span><\/p>\n<h4>POL\u00cdTICA DE PRIVACIDADE E DE PROTE\u00c7\u00c3O DE DADOS<\/h4>\n<section class=\"av_textblock_section \">\n<div class=\"avia_textblock \">\n<div class=\"text\">\n<p>O utilizador \u00e9 o \u00fanico e exclusivo respons\u00e1vel por todas e quaisquer informa\u00e7\u00f5es que forne\u00e7a neste site. A\u00a0<strong>FUNCAMPERS<\/strong>\u00a0proceder\u00e1 ao tratamento de dados, para fins de fornecimento de servi\u00e7os e de gest\u00e3o administrativa e comercial da informa\u00e7\u00e3o disponibilizada.<\/p>\n<p>A informa\u00e7\u00e3o recolhida no formul\u00e1rio presente no sector <a href=\"http:\/\/www.funcampers.pt\/pt-pt\/reservas\/\"><strong>RESERVAS<\/strong><\/a>, \u00e9 apenas utilizada para efeitos reposta a pedidos de reservas , nunca sendo utilizado para qualquer outro fim. A <strong>FUNCAMPERS<\/strong>\u00a0n\u00e3o fornece, nem nunca fornecer\u00e1 esta informa\u00e7\u00e3o a qualquer outra entidade.<\/p>\n<p>Em qualquer altura, o utilizador poder\u00e1 solicitar a modifica\u00e7\u00e3o e\/ou supress\u00e3o das informa\u00e7\u00f5es fornecidas. Para qualquer assunto relacionado com esta informa\u00e7\u00e3o, o utilizador dever\u00e1 enviar uma comunica\u00e7\u00e3o escrita dirigida \u00e0\u00a0<strong>FUNCAMPERS,\u00a0 <\/strong>atrav\u00e9s do seguinte email: <a href=\"mailto:info@funcampers.pt?subject=Pol%C3%ADtica%20de%20Privacidade\"><strong>info@funcampers.pt<\/strong><\/a><\/p>\n<h4 class=\"institutotitulo\">RECOLHA E USO DE INFORMA\u00c7\u00d5ES N\u00c3O PESSOAIS<\/h4>\n<p>Assim como acontece por norma, o nosso site pode utilizar \u201ccookies\u201d ou outras tecnologias para ajudar a oferecer conte\u00fado espec\u00edfico aos seus interesses ou analisar os seus padr\u00f5es de visita. Cookies, por si s\u00f3, n\u00e3o podem ser usados para revelar a sua identidade individual. Esta informa\u00e7\u00e3o identifica o seu navegador.<br \/>\nSe assim o entender, pode remover ou bloquear os \u201ccookies\u201d em qualquer altura, bastando para isso atualizar as configura\u00e7\u00f5es do seu navegador, consultando o menu \u201cAjuda\u201d. Para saber mais sobre cookies:\u00a0<a href=\"https:\/\/support.microsoft.com\/pt-br\/help\/260971\/description-of-cookies\">https:\/\/support.microsoft.com\/pt-br\/help\/260971\/description-of-cookies<\/a>\u00a0.<\/p>\n<h4 class=\"institutotitulo\">DIREITOS DE AUTOR E PROPRIEDADE INDUSTRIAL<\/h4>\n<p>O material disposto neste site, em texto, imagem e documentos anexos, \u00e9 propriedade da <strong>FUNCAMPERS<\/strong>.<\/p>\n<p>O seu download, c\u00f3pia, modifica\u00e7\u00e3o, transmiss\u00e3o, distribui\u00e7\u00e3o, reprodu\u00e7\u00e3o ou reenvio, parcial ou integral, para fins comerciais ou outros, sem a autoriza\u00e7\u00e3o pr\u00e9via e escrita da <strong>FUNCAMPERS<\/strong>, \u00e9 expressamente proibido e pun\u00edvel por lei.<\/p>\n<p>O utilizador compromete-se a aceder ao site apenas para fins l\u00edcitos.<\/p>\n<h4 class=\"institutotitulo\">EXCLUS\u00c3O DE RESPONSABILIDADE<\/h4>\n<p>A <strong>FUNCAMPERS<\/strong>\u00a0n\u00e3o se responsabiliza por qualquer dano ou perda, direto ou indireto, que possa resultar da utiliza\u00e7\u00e3o da informa\u00e7\u00e3o contida neste site ou relacionado com a utiliza\u00e7\u00e3o deste site.<\/p>\n<\/div>\n<\/div>\n<\/section>\n<\/div><\/section>\n\n","protected":false},"excerpt":{"rendered":"","protected":false},"author":1,"featured_media":0,"parent":0,"menu_order":0,"comment_status":"closed","ping_status":"closed","template":"","meta":{"footnotes":""},"class_list":["post-10704","page","type-page","status-publish","hentry"],"yoast_head":"<!-- This site is optimized with the Yoast SEO plugin v23.9 - https:\/\/yoast.com\/wordpress\/plugins\/seo\/ -->\n<title>FUNCAMPERS | Pol\u00edtica de Privacidade<\/title>\n<meta name=\"description\" content=\"Na FUNCAMPERS damos muita import\u00e2ncia \u00e0 prote\u00e7\u00e3o dos dados dos nossos caravanistas. Apenas recolhemos a informa\u00e7\u00e3o necess\u00e1ria e mais nada.\" \/>\n<meta name=\"robots\" content=\"index, follow, max-snippet:-1, max-image-preview:large, max-video-preview:-1\" \/>\n<link rel=\"canonical\" href=\"https:\/\/www.funcampers.pt\/privacy-policy\/\" \/>\n<meta property=\"og:locale\" content=\"pt_PT\" \/>\n<meta property=\"og:type\" content=\"article\" \/>\n<meta property=\"og:title\" content=\"FUNCAMPERS | Pol\u00edtica de Privacidade\" \/>\n<meta property=\"og:description\" content=\"Na FUNCAMPERS damos muita import\u00e2ncia \u00e0 prote\u00e7\u00e3o dos dados dos nossos caravanistas. Apenas recolhemos a informa\u00e7\u00e3o necess\u00e1ria e mais nada.\" \/>\n<meta property=\"og:url\" content=\"https:\/\/www.funcampers.pt\/privacy-policy\/\" \/>\n<meta property=\"og:site_name\" content=\"FUNCAMPERS\" \/>\n<meta property=\"article:publisher\" content=\"https:\/\/www.facebook.com\/funcamperslx\" \/>\n<meta property=\"article:modified_time\" content=\"2022-09-27T08:43:03+00:00\" \/>\n<meta name=\"twitter:card\" content=\"summary_large_image\" \/>\n<meta name=\"twitter:label1\" content=\"Tempo estimado de leitura\" \/>\n\t<meta name=\"twitter:data1\" content=\"3 minutos\" \/>\n<script type=\"application\/ld+json\" class=\"yoast-schema-graph\">{\"@context\":\"https:\/\/schema.org\",\"@graph\":[{\"@type\":\"WebPage\",\"@id\":\"https:\/\/www.funcampers.pt\/privacy-policy\/\",\"url\":\"https:\/\/www.funcampers.pt\/privacy-policy\/\",\"name\":\"FUNCAMPERS | Pol\u00edtica de Privacidade\",\"isPartOf\":{\"@id\":\"https:\/\/www.funcampers.pt\/#website\"},\"datePublished\":\"2019-10-14T15:04:32+00:00\",\"dateModified\":\"2022-09-27T08:43:03+00:00\",\"description\":\"Na FUNCAMPERS damos muita import\u00e2ncia \u00e0 prote\u00e7\u00e3o dos dados dos nossos caravanistas. Apenas recolhemos a informa\u00e7\u00e3o necess\u00e1ria e mais nada.\",\"breadcrumb\":{\"@id\":\"https:\/\/www.funcampers.pt\/privacy-policy\/#breadcrumb\"},\"inLanguage\":\"pt-PT\",\"potentialAction\":[{\"@type\":\"ReadAction\",\"target\":[\"https:\/\/www.funcampers.pt\/privacy-policy\/\"]}]},{\"@type\":\"BreadcrumbList\",\"@id\":\"https:\/\/www.funcampers.pt\/privacy-policy\/#breadcrumb\",\"itemListElement\":[{\"@type\":\"ListItem\",\"position\":1,\"name\":\"Home\",\"item\":\"https:\/\/www.funcampers.pt\/pt-pt\/\"},{\"@type\":\"ListItem\",\"position\":2,\"name\":\"Pol\u00edtica de Privacidade\"}]},{\"@type\":\"WebSite\",\"@id\":\"https:\/\/www.funcampers.pt\/#website\",\"url\":\"https:\/\/www.funcampers.pt\/\",\"name\":\"FUNCAMPERS\",\"description\":\"Campervans for your Hollidays\",\"publisher\":{\"@id\":\"https:\/\/www.funcampers.pt\/#organization\"},\"potentialAction\":[{\"@type\":\"SearchAction\",\"target\":{\"@type\":\"EntryPoint\",\"urlTemplate\":\"https:\/\/www.funcampers.pt\/?s={search_term_string}\"},\"query-input\":{\"@type\":\"PropertyValueSpecification\",\"valueRequired\":true,\"valueName\":\"search_term_string\"}}],\"inLanguage\":\"pt-PT\"},{\"@type\":\"Organization\",\"@id\":\"https:\/\/www.funcampers.pt\/#organization\",\"name\":\"FUNCAMPERS\",\"url\":\"https:\/\/www.funcampers.pt\/\",\"logo\":{\"@type\":\"ImageObject\",\"inLanguage\":\"pt-PT\",\"@id\":\"https:\/\/www.funcampers.pt\/#\/schema\/logo\/image\/\",\"url\":\"https:\/\/www.funcampers.pt\/wp-content\/uploads\/2019\/09\/LOGO_home-1.png\",\"contentUrl\":\"https:\/\/www.funcampers.pt\/wp-content\/uploads\/2019\/09\/LOGO_home-1.png\",\"width\":300,\"height\":300,\"caption\":\"FUNCAMPERS\"},\"image\":{\"@id\":\"https:\/\/www.funcampers.pt\/#\/schema\/logo\/image\/\"},\"sameAs\":[\"https:\/\/www.facebook.com\/funcamperslx\"]}]}<\/script>\n<!-- \/ Yoast SEO plugin. -->","yoast_head_json":{"title":"FUNCAMPERS | Pol\u00edtica de Privacidade","description":"Na FUNCAMPERS damos muita import\u00e2ncia \u00e0 prote\u00e7\u00e3o dos dados dos nossos caravanistas. Apenas recolhemos a informa\u00e7\u00e3o necess\u00e1ria e mais nada.","robots":{"index":"index","follow":"follow","max-snippet":"max-snippet:-1","max-image-preview":"max-image-preview:large","max-video-preview":"max-video-preview:-1"},"canonical":"https:\/\/www.funcampers.pt\/privacy-policy\/","og_locale":"pt_PT","og_type":"article","og_title":"FUNCAMPERS | Pol\u00edtica de Privacidade","og_description":"Na FUNCAMPERS damos muita import\u00e2ncia \u00e0 prote\u00e7\u00e3o dos dados dos nossos caravanistas. Apenas recolhemos a informa\u00e7\u00e3o necess\u00e1ria e mais nada.","og_url":"https:\/\/www.funcampers.pt\/privacy-policy\/","og_site_name":"FUNCAMPERS","article_publisher":"https:\/\/www.facebook.com\/funcamperslx","article_modified_time":"2022-09-27T08:43:03+00:00","twitter_card":"summary_large_image","twitter_misc":{"Tempo estimado de leitura":"3 minutos"},"schema":{"@context":"https:\/\/schema.org","@graph":[{"@type":"WebPage","@id":"https:\/\/www.funcampers.pt\/privacy-policy\/","url":"https:\/\/www.funcampers.pt\/privacy-policy\/","name":"FUNCAMPERS | Pol\u00edtica de Privacidade","isPartOf":{"@id":"https:\/\/www.funcampers.pt\/#website"},"datePublished":"2019-10-14T15:04:32+00:00","dateModified":"2022-09-27T08:43:03+00:00","description":"Na FUNCAMPERS damos muita import\u00e2ncia \u00e0 prote\u00e7\u00e3o dos dados dos nossos caravanistas. Apenas recolhemos a informa\u00e7\u00e3o necess\u00e1ria e mais nada.","breadcrumb":{"@id":"https:\/\/www.funcampers.pt\/privacy-policy\/#breadcrumb"},"inLanguage":"pt-PT","potentialAction":[{"@type":"ReadAction","target":["https:\/\/www.funcampers.pt\/privacy-policy\/"]}]},{"@type":"BreadcrumbList","@id":"https:\/\/www.funcampers.pt\/privacy-policy\/#breadcrumb","itemListElement":[{"@type":"ListItem","position":1,"name":"Home","item":"https:\/\/www.funcampers.pt\/pt-pt\/"},{"@type":"ListItem","position":2,"name":"Pol\u00edtica de Privacidade"}]},{"@type":"WebSite","@id":"https:\/\/www.funcampers.pt\/#website","url":"https:\/\/www.funcampers.pt\/","name":"FUNCAMPERS","description":"Campervans for your Hollidays","publisher":{"@id":"https:\/\/www.funcampers.pt\/#organization"},"potentialAction":[{"@type":"SearchAction","target":{"@type":"EntryPoint","urlTemplate":"https:\/\/www.funcampers.pt\/?s={search_term_string}"},"query-input":{"@type":"PropertyValueSpecification","valueRequired":true,"valueName":"search_term_string"}}],"inLanguage":"pt-PT"},{"@type":"Organization","@id":"https:\/\/www.funcampers.pt\/#organization","name":"FUNCAMPERS","url":"https:\/\/www.funcampers.pt\/","logo":{"@type":"ImageObject","inLanguage":"pt-PT","@id":"https:\/\/www.funcampers.pt\/#\/schema\/logo\/image\/","url":"https:\/\/www.funcampers.pt\/wp-content\/uploads\/2019\/09\/LOGO_home-1.png","contentUrl":"https:\/\/www.funcampers.pt\/wp-content\/uploads\/2019\/09\/LOGO_home-1.png","width":300,"height":300,"caption":"FUNCAMPERS"},"image":{"@id":"https:\/\/www.funcampers.pt\/#\/schema\/logo\/image\/"},"sameAs":["https:\/\/www.facebook.com\/funcamperslx"]}]}},"_links":{"self":[{"href":"https:\/\/www.funcampers.pt\/pt-pt\/wp-json\/wp\/v2\/pages\/10704"}],"collection":[{"href":"https:\/\/www.funcampers.pt\/pt-pt\/wp-json\/wp\/v2\/pages"}],"about":[{"href":"https:\/\/www.funcampers.pt\/pt-pt\/wp-json\/wp\/v2\/types\/page"}],"author":[{"embeddable":true,"href":"https:\/\/www.funcampers.pt\/pt-pt\/wp-json\/wp\/v2\/users\/1"}],"replies":[{"embeddable":true,"href":"https:\/\/www.funcampers.pt\/pt-pt\/wp-json\/wp\/v2\/comments?post=10704"}],"version-history":[{"count":3,"href":"https:\/\/www.funcampers.pt\/pt-pt\/wp-json\/wp\/v2\/pages\/10704\/revisions"}],"predecessor-version":[{"id":11395,"href":"https:\/\/www.funcampers.pt\/pt-pt\/wp-json\/wp\/v2\/pages\/10704\/revisions\/11395"}],"wp:attachment":[{"href":"https:\/\/www.funcampers.pt\/pt-pt\/wp-json\/wp\/v2\/media?parent=10704"}],"curies":[{"name":"wp","href":"https:\/\/api.w.org\/{rel}","templated":true}]}}